{"id":1457,"date":"2024-05-16T17:30:59","date_gmt":"2024-05-31T09:51:49","guid":{"rendered":"https:\/\/mrmeccanicareggiana.it\/prodotto\/griglia-tonda-mbm-o500i-o675e-fori-o125\/"},"modified":"2024-05-31T11:51:49","modified_gmt":"2024-05-31T09:51:49","slug":"griglia-tonda-mbm-o500i-o675e-fori-o125","status":"publish","type":"product","link":"https:\/\/mrmeccanicareggiana.it\/en\/product\/griglia-tonda-mbm-o500i-o675e-fori-o125\/","title":{"rendered":"Griglia tonda MBM \u00d8500I \u00d8675E fori \u00d81,25"},"content":{"rendered":"","protected":false},"excerpt":{"rendered":"<p>Possono essere fornite con o senza rinforzo, calandrate a misura per MULINI, con spessore fino a 3 mm. Assicurano elevata robustezza agli urti e lunga durata all&#8217;abrasione. Sono disponibili lamiere forate nelle varie tipologie di acciai al carbonio, in acciaio ad altissima resistenza ed in acciaio inox. Lavorazioni particolari vengono eseguite su richiesta.<\/p>\n","protected":false},"featured_media":1246,"template":"","meta":{"_et_pb_use_builder":"","_et_pb_old_content":"","_et_gb_content_width":""},"product_brand":[],"product_cat":[92],"product_tag":[],"class_list":{"0":"post-1457","1":"product","2":"type-product","3":"status-publish","4":"has-post-thumbnail","6":"product_cat-grids","7":"product_shipping_class-corriere-en","9":"first","10":"instock","11":"taxable","12":"shipping-taxable","13":"purchasable","14":"product-type-simple"},"_links":{"self":[{"href":"https:\/\/mrmeccanicareggiana.it\/en\/wp-json\/wp\/v2\/product\/1457","targetHints":{"allow":["GET"]}}],"collection":[{"href":"https:\/\/mrmeccanicareggiana.it\/en\/wp-json\/wp\/v2\/product"}],"about":[{"href":"https:\/\/mrmeccanicareggiana.it\/en\/wp-json\/wp\/v2\/types\/product"}],"wp:featuredmedia":[{"embeddable":true,"href":"https:\/\/mrmeccanicareggiana.it\/en\/wp-json\/wp\/v2\/media\/1246"}],"wp:attachment":[{"href":"https:\/\/mrmeccanicareggiana.it\/en\/wp-json\/wp\/v2\/media?parent=1457"}],"wp:term":[{"taxonomy":"product_brand","embeddable":true,"href":"https:\/\/mrmeccanicareggiana.it\/en\/wp-json\/wp\/v2\/product_brand?post=1457"},{"taxonomy":"product_cat","embeddable":true,"href":"https:\/\/mrmeccanicareggiana.it\/en\/wp-json\/wp\/v2\/product_cat?post=1457"},{"taxonomy":"product_tag","embeddable":true,"href":"https:\/\/mrmeccanicareggiana.it\/en\/wp-json\/wp\/v2\/product_tag?post=1457"}],"curies":[{"name":"wp","href":"https:\/\/api.w.org\/{rel}","templated":true}]}}